{"id":370945,"date":"2023-12-07T22:19:04","date_gmt":"2023-12-08T01:19:04","guid":{"rendered":"https:\/\/infanciamais.com.br\/?page_id=370945"},"modified":"2023-12-08T15:38:31","modified_gmt":"2023-12-08T18:38:31","slug":"supervisao-profissional","status":"publish","type":"page","link":"https:\/\/infanciamais.com.br\/index.php\/supervisao-profissional\/","title":{"rendered":"Supervis\u00e3o Profissional"},"content":{"rendered":"<p>[et_pb_section fb_built=&#8221;1&#8243; admin_label=&#8221;Header&#8221; _builder_version=&#8221;4.22.1&#8243; _module_preset=&#8221;default&#8221; custom_padding=&#8221;||0px||false|false&#8221; collapsed=&#8221;off&#8221; global_colors_info=&#8221;{}&#8221;][et_pb_row _builder_version=&#8221;4.23.1&#8243; _module_preset=&#8221;default&#8221; custom_margin_tablet=&#8221;&#8221; custom_margin_phone=&#8221;-17px||||false|false&#8221; custom_margin_last_edited=&#8221;on|phone&#8221; custom_padding=&#8221;||11px|||&#8221; locked=&#8221;off&#8221; global_colors_info=&#8221;{}&#8221;][et_pb_column type=&#8221;4_4&#8243; _builder_version=&#8221;4.22.1&#8243; _module_preset=&#8221;default&#8221; z_index=&#8221;10&#8243; global_colors_info=&#8221;{}&#8221;][et_pb_text _builder_version=&#8221;4.23.1&#8243; _module_preset=&#8221;22d6134b-2773-4f47-922f-f7433146bdc4&#8243; header_font=&#8221;Work Sans|600|||||||&#8221; header_text_color=&#8221;#98C4BA&#8221; custom_margin=&#8221;||10px||false|false&#8221; custom_margin_tablet=&#8221;||10px||false|false&#8221; custom_margin_phone=&#8221;||2px||false|false&#8221; custom_margin_last_edited=&#8221;on|phone&#8221; custom_padding=&#8221;|||37px||&#8221; global_colors_info=&#8221;{}&#8221; sticky_enabled=&#8221;0&#8243; custom_padding_phone=&#8221;|||0px|false|false&#8221; custom_padding_last_edited=&#8221;on|phone&#8221; header_font_size_phone=&#8221;27px&#8221; hover_enabled=&#8221;0&#8243; custom_padding_tablet=&#8221;|||37px||&#8221;]<\/p>\n<h1>Supervis\u00e3o Profissional<\/h1>\n<p>[\/et_pb_text][et_pb_text _builder_version=&#8221;4.23.1&#8243; _module_preset=&#8221;d05c0554-a666-4370-a450-2400fe9c7685&#8243; header_5_text_color=&#8221;#F3BC72&#8243; custom_margin=&#8221;|||40px|false|false&#8221; custom_margin_phone=&#8221;0px||8px|0px|false|false&#8221; custom_margin_last_edited=&#8221;on|phone&#8221; hover_enabled=&#8221;0&#8243; global_colors_info=&#8221;{}&#8221; sticky_enabled=&#8221;0&#8243; custom_margin_tablet=&#8221;|||40px|false|false&#8221;]<\/p>\n<h5>Servi\u00e7o<\/h5>\n<p>[\/et_pb_text][dnxte_divider dnext_sid_font_icon=&#8221;&#x3b;||divi||400&#8243; dnext_sid_icon_color=&#8221;#F3BC72&#8243; dnext_sid_divider_color=&#8221;#98C4BA&#8221; _builder_version=&#8221;4.23.1&#8243; _module_preset=&#8221;default&#8221; global_colors_info=&#8221;{}&#8221;][\/dnxte_divider][et_pb_button button_text=&#8221;Agendar Atendimento&#8221; button_alignment_tablet=&#8221;&#8221; button_alignment_phone=&#8221;center&#8221; button_alignment_last_edited=&#8221;on|phone&#8221; _builder_version=&#8221;4.23.1&#8243; _module_preset=&#8221;e6ff4652-50aa-4862-8bd3-3ce475a5847c&#8221; button_bg_color=&#8221;#F3BC72&#8243; custom_margin=&#8221;||30px||false|false&#8221; global_colors_info=&#8221;{}&#8221; button_bg_color__hover_enabled=&#8221;on|hover&#8221; button_bg_color__hover=&#8221;#0C71C3&#8243; button_bg_enable_color__hover=&#8221;on&#8221;][\/et_pb_button][\/et_pb_column][\/et_pb_row][\/et_pb_section][et_pb_section fb_built=&#8221;1&#8243; admin_label=&#8221;Service&#8221; _builder_version=&#8221;4.23.1&#8243; _module_preset=&#8221;default&#8221; custom_margin_tablet=&#8221;&#8221; custom_margin_phone=&#8221;0px||0px||false|false&#8221; custom_margin_last_edited=&#8221;on|phone&#8221; custom_padding=&#8221;36px|||||&#8221; hover_enabled=&#8221;0&#8243; collapsed=&#8221;on&#8221; global_colors_info=&#8221;{}&#8221; custom_padding_last_edited=&#8221;on|phone&#8221; custom_padding_phone=&#8221;0px||||false|false&#8221; sticky_enabled=&#8221;0&#8243; custom_padding_tablet=&#8221;36px|||||&#8221;][et_pb_row column_structure=&#8221;1_2,1_2&#8243; _builder_version=&#8221;4.22.1&#8243; _module_preset=&#8221;default&#8221; global_colors_info=&#8221;{}&#8221;][et_pb_column type=&#8221;1_2&#8243; _builder_version=&#8221;4.22.1&#8243; _module_preset=&#8221;default&#8221; global_colors_info=&#8221;{}&#8221;][dnxte_image_reveal dnext_img_reveal=&#8221;https:\/\/infanciamais.com.br\/wp-content\/uploads\/2023\/12\/Supervisao-profissional.jpg&#8221; dnext_single_color=&#8221;#F3BC72&#8243; _builder_version=&#8221;4.23.1&#8243; _module_preset=&#8221;default&#8221; border_radii=&#8221;on|20px|20px|20px|20px&#8221; global_colors_info=&#8221;{}&#8221;][\/dnxte_image_reveal][\/et_pb_column][et_pb_column type=&#8221;1_2&#8243; _builder_version=&#8221;4.22.1&#8243; _module_preset=&#8221;default&#8221; global_colors_info=&#8221;{}&#8221;][et_pb_text _builder_version=&#8221;4.23.1&#8243; _module_preset=&#8221;8b6efcb6-adb2-42a4-9897-51bc0df2a10e&#8221; header_2_font=&#8221;Work Sans|600|||||||&#8221; header_2_text_color=&#8221;#98C4BA&#8221; header_2_font_size=&#8221;45px&#8221; custom_margin=&#8221;||10px||false|false&#8221; global_colors_info=&#8221;{}&#8221;]<\/p>\n<h2>Supervisor em Psicologia: papel e import\u00e2ncia<\/h2>\n<p>[\/et_pb_text][et_pb_text _builder_version=&#8221;4.23.1&#8243; _module_preset=&#8221;d739bb78-d29d-4d80-aaa6-2c9055b8a4d2&#8243; text_font_size=&#8221;17px&#8221; text_line_height=&#8221;1.9em&#8221; custom_padding=&#8221;17px||||false|false&#8221; border_width_top=&#8221;1px&#8221; border_color_top=&#8221;#98C4BA&#8221; global_colors_info=&#8221;{}&#8221;]O supervisor em Psicologia \u00e9 o profissional ao qual cabe fazer a interven\u00e7\u00e3o em que se estabelece rela\u00e7\u00e3o entre colegas de uma mesma profiss\u00e3o, sendo o supervisor o mais experiente e estando o profissional menos experiente, o supervisionado, sob sua responsabilidade. Nesse cen\u00e1rio, portanto, s\u00e3o fundamentais seu papel e sua import\u00e2ncia na atua\u00e7\u00e3o do psic\u00f3logo[\/et_pb_text][\/et_pb_column][\/et_pb_row][et_pb_row _builder_version=&#8221;4.23.1&#8243; _module_preset=&#8221;default&#8221; global_colors_info=&#8221;{}&#8221;][et_pb_column type=&#8221;4_4&#8243; _builder_version=&#8221;4.23.1&#8243; _module_preset=&#8221;default&#8221; global_colors_info=&#8221;{}&#8221;][et_pb_text _builder_version=&#8221;4.23.1&#8243; _module_preset=&#8221;d739bb78-d29d-4d80-aaa6-2c9055b8a4d2&#8243; text_font_size=&#8221;17px&#8221; text_line_height=&#8221;1.9em&#8221; global_colors_info=&#8221;{}&#8221;]Para o supervisionado, a supervis\u00e3o t\u00e9cnica \u00e9 uma oportunidade na qual poder\u00e1 treinar e enriquecer suas habilidades como terapeuta por meio da rela\u00e7\u00e3o e troca com um profissional mais experiente. \u00c9 um momento valioso numa pr\u00e1tica que \u00e9 muitas vezes solit\u00e1ria pelo seu sigilo.[\/et_pb_text][\/et_pb_column][\/et_pb_row][et_pb_row column_structure=&#8221;1_2,1_2&#8243; _builder_version=&#8221;4.22.1&#8243; _module_preset=&#8221;default&#8221; custom_padding=&#8221;||0px||false|false&#8221; global_colors_info=&#8221;{}&#8221;][et_pb_column type=&#8221;1_2&#8243; _builder_version=&#8221;4.22.1&#8243; _module_preset=&#8221;default&#8221; global_colors_info=&#8221;{}&#8221;][et_pb_text _builder_version=&#8221;4.23.1&#8243; _module_preset=&#8221;8b6efcb6-adb2-42a4-9897-51bc0df2a10e&#8221; header_2_font=&#8221;Work Sans|600|||||||&#8221; header_2_text_color=&#8221;#98C4BA&#8221; header_2_font_size=&#8221;45px&#8221; custom_margin=&#8221;||-1px||false|false&#8221; global_colors_info=&#8221;{}&#8221;]<\/p>\n<h2>Supervisor em Psicologia: papel e import\u00e2ncia<\/h2>\n<p>[\/et_pb_text][et_pb_text _builder_version=&#8221;4.23.1&#8243; _module_preset=&#8221;d739bb78-d29d-4d80-aaa6-2c9055b8a4d2&#8243; text_font_size=&#8221;17px&#8221; text_line_height=&#8221;1.9em&#8221; custom_margin=&#8221;24px||||false|false&#8221; custom_padding=&#8221;20px||||false|false&#8221; border_width_top=&#8221;1px&#8221; border_color_top=&#8221;#98C4BA&#8221; global_colors_info=&#8221;{}&#8221;]<\/p>\n<p>Os profissionais da sa\u00fade mental podem usar a supervis\u00e3o t\u00e9cnica para crescerem em seu trabalho, porque a experi\u00eancia e a qualifica\u00e7\u00e3o de seu colega supervisor possibilitam que eles vejam sua pr\u00f3pria interven\u00e7\u00e3o a partir de uma perspectiva diferente e saibam quais os pr\u00f3ximos passos a seguir no tratamento.<\/p>\n<p>Em resumo, o papel e a import\u00e2ncia do supervisor em Psicologia na atua\u00e7\u00e3o do psic\u00f3logo incluem o enriquecimento da pr\u00e1tica psicoterap\u00eautica, a integra\u00e7\u00e3o de conhecimentos, a exposi\u00e7\u00e3o de pontos de vista diferentes, o favorecimento do autoconhecimento, o incentivo ao autocuidado, o al\u00edvio de tens\u00f5es, o aumento da empatia, a revis\u00e3o de conceitos, o favorecimento de aprendizagem experiencial e a prote\u00e7\u00e3o do paciente e do pr\u00f3prio terapeuta..<\/p>\n<p>[\/et_pb_text][\/et_pb_column][et_pb_column type=&#8221;1_2&#8243; _builder_version=&#8221;4.22.1&#8243; _module_preset=&#8221;default&#8221; global_colors_info=&#8221;{}&#8221;][dnxte_image_reveal dnext_img_reveal=&#8221;https:\/\/infanciamais.com.br\/wp-content\/uploads\/2023\/12\/Supervisao.jpg&#8221; dnext_single_color=&#8221;#F3BC72&#8243; _builder_version=&#8221;4.23.1&#8243; _module_preset=&#8221;default&#8221; width=&#8221;82%&#8221; border_radii=&#8221;on|20px|20px|20px|20px&#8221; global_colors_info=&#8221;{}&#8221;][\/dnxte_image_reveal][\/et_pb_column][\/et_pb_row][\/et_pb_section][et_pb_section fb_built=&#8221;1&#8243; _builder_version=&#8221;4.23.1&#8243; _module_preset=&#8221;default&#8221; background_color=&#8221;#F8F5E3&#8243; custom_padding=&#8221;99px||94px|||&#8221; hover_enabled=&#8221;0&#8243; global_colors_info=&#8221;{}&#8221; custom_padding_last_edited=&#8221;on|phone&#8221; custom_padding_phone=&#8221;30px||30px||true|false&#8221; sticky_enabled=&#8221;0&#8243; custom_padding_tablet=&#8221;99px||94px|||&#8221;][et_pb_row _builder_version=&#8221;4.23.1&#8243; _module_preset=&#8221;default&#8221; custom_padding=&#8221;||9px|||&#8221; global_colors_info=&#8221;{}&#8221;][et_pb_column type=&#8221;4_4&#8243; _builder_version=&#8221;4.23.1&#8243; _module_preset=&#8221;default&#8221; global_colors_info=&#8221;{}&#8221;][et_pb_text _builder_version=&#8221;4.23.1&#8243; _module_preset=&#8221;8b6efcb6-adb2-42a4-9897-51bc0df2a10e&#8221; header_2_font=&#8221;Work Sans|600|||||||&#8221; header_2_text_color=&#8221;#98C4BA&#8221; custom_margin=&#8221;||10px||false|false&#8221; hover_enabled=&#8221;0&#8243; global_colors_info=&#8221;{}&#8221; header_2_font_size_phone=&#8221;32px&#8221; sticky_enabled=&#8221;0&#8243;]<\/p>\n<h2>Principais Fun\u00e7\u00f5es do Supervisor:<\/h2>\n<p>[\/et_pb_text][et_pb_text _builder_version=&#8221;4.23.1&#8243; _module_preset=&#8221;d739bb78-d29d-4d80-aaa6-2c9055b8a4d2&#8243; text_font=&#8221;|600|||||||&#8221; text_font_size=&#8221;19px&#8221; text_line_height=&#8221;1.9em&#8221; hover_enabled=&#8221;0&#8243; global_colors_info=&#8221;{}&#8221; text_font_size_phone=&#8221;15px&#8221; sticky_enabled=&#8221;0&#8243;]<\/p>\n<p>De uma maneira geral, pode-se dizer que o supervisor tem cinco fun\u00e7\u00f5es:<\/p>\n<p>[\/et_pb_text][\/et_pb_column][\/et_pb_row][et_pb_row _builder_version=&#8221;4.23.1&#8243; _module_preset=&#8221;default&#8221; global_colors_info=&#8221;{}&#8221;][et_pb_column type=&#8221;4_4&#8243; _builder_version=&#8221;4.23.1&#8243; _module_preset=&#8221;default&#8221; global_colors_info=&#8221;{}&#8221;][dnxte_feature_list_parent _builder_version=&#8221;4.23.1&#8243; _module_preset=&#8221;default&#8221; global_colors_info=&#8221;{}&#8221;][dnxte_feature_list_child dnxte_feature_list_title=&#8221;Informar&#8221; dnxte_feature_list_use_number=&#8221;on&#8221; dnxte_feature_list_number=&#8221;1-&#8221; dnxte_feature_list_icon_color=&#8221;#F3BC72&#8243; dnxte_feature_list_icon_margin=&#8221;||||false|false&#8221; dnxte_feature_list_icon_padding=&#8221;||||false|false&#8221; _builder_version=&#8221;4.23.1&#8243; _module_preset=&#8221;default&#8221; module_font=&#8221;Work Sans|600|||||||&#8221; module_font_size=&#8221;26px&#8221; module_line_height=&#8221;1.4em&#8221; custom_margin=&#8221;20px||0px||false|false&#8221; custom_padding=&#8221;||20px||false|false&#8221; global_colors_info=&#8221;{}&#8221;][\/dnxte_feature_list_child][dnxte_feature_list_child dnxte_feature_list_title=&#8221;Questionar&#8221; dnxte_feature_list_use_number=&#8221;on&#8221; dnxte_feature_list_number=&#8221;2-&#8221; dnxte_feature_list_icon_color=&#8221;#F3BC72&#8243; dnxte_feature_list_icon_margin=&#8221;||||false|false&#8221; dnxte_feature_list_icon_padding=&#8221;||||false|false&#8221; _builder_version=&#8221;4.23.1&#8243; _module_preset=&#8221;default&#8221; module_font=&#8221;Work Sans|600|||||||&#8221; module_font_size=&#8221;26px&#8221; module_line_height=&#8221;1.4em&#8221; custom_margin=&#8221;20px||0px||false|false&#8221; custom_padding=&#8221;||20px||false|false&#8221; global_colors_info=&#8221;{}&#8221;][\/dnxte_feature_list_child][dnxte_feature_list_child dnxte_feature_list_title=&#8221;Sugerir&#8221; dnxte_feature_list_use_number=&#8221;on&#8221; dnxte_feature_list_number=&#8221;3-&#8221; dnxte_feature_list_icon_color=&#8221;#F3BC72&#8243; dnxte_feature_list_icon_margin=&#8221;||||false|false&#8221; dnxte_feature_list_icon_padding=&#8221;||||false|false&#8221; _builder_version=&#8221;4.23.1&#8243; _module_preset=&#8221;default&#8221; module_font=&#8221;Work Sans|600|||||||&#8221; module_font_size=&#8221;26px&#8221; module_line_height=&#8221;1.4em&#8221; custom_margin=&#8221;20px||0px||false|false&#8221; custom_padding=&#8221;||20px||false|false&#8221; global_colors_info=&#8221;{}&#8221;][\/dnxte_feature_list_child][dnxte_feature_list_child dnxte_feature_list_title=&#8221; Encorajar&#8221; dnxte_feature_list_use_number=&#8221;on&#8221; dnxte_feature_list_number=&#8221;4-&#8221; dnxte_feature_list_icon_color=&#8221;#F3BC72&#8243; dnxte_feature_list_icon_margin=&#8221;||||false|false&#8221; dnxte_feature_list_icon_padding=&#8221;||||false|false&#8221; _builder_version=&#8221;4.23.1&#8243; _module_preset=&#8221;default&#8221; module_font=&#8221;Work Sans|600|||||||&#8221; module_font_size=&#8221;26px&#8221; module_line_height=&#8221;1.4em&#8221; custom_margin=&#8221;20px||0px||false|false&#8221; custom_padding=&#8221;||20px||false|false&#8221; global_colors_info=&#8221;{}&#8221;][\/dnxte_feature_list_child][dnxte_feature_list_child dnxte_feature_list_title=&#8221;Avaliar&#8221; dnxte_feature_list_use_number=&#8221;on&#8221; dnxte_feature_list_number=&#8221;5-&#8221; dnxte_feature_list_icon_color=&#8221;#F3BC72&#8243; dnxte_feature_list_icon_margin=&#8221;||||false|false&#8221; dnxte_feature_list_icon_padding=&#8221;||||false|false&#8221; _builder_version=&#8221;4.23.1&#8243; _module_preset=&#8221;default&#8221; module_font=&#8221;Work Sans|600|||||||&#8221; module_font_size=&#8221;26px&#8221; module_line_height=&#8221;1.4em&#8221; custom_margin=&#8221;20px||0px||false|false&#8221; custom_padding=&#8221;||20px||false|false&#8221; global_colors_info=&#8221;{}&#8221;][\/dnxte_feature_list_child][\/dnxte_feature_list_parent][et_pb_text _builder_version=&#8221;4.23.1&#8243; _module_preset=&#8221;d739bb78-d29d-4d80-aaa6-2c9055b8a4d2&#8243; text_font=&#8221;||||||||&#8221; text_font_size=&#8221;19px&#8221; text_line_height=&#8221;1.9em&#8221; global_colors_info=&#8221;{}&#8221;]Assim, al\u00e9m de fornecer informa\u00e7\u00f5es atualizadas e relevantes, deve ser capaz de problematizar as atua\u00e7\u00f5es a fim de levar o supervisionado a reflex\u00f5es que promovam uma descoberta guiada.<\/p>\n<p>Deve, ainda, sugerir caminhos e solu\u00e7\u00f5es, encorajar a participa\u00e7\u00e3o ativa do supervisionando e avaliar os resultados da interven\u00e7\u00e3o e da aprendizagem deste. Assim, o supervisor em Psicologia \u00e9 um facilitador da aprendizagem que trabalha numa perspectiva colaborativa e acaba tendo grande influ\u00eancia sobre o supervisionando.<\/p>\n<p>Alguns autores inclusive comparam a fun\u00e7\u00e3o do supervisor com a do terapeuta no quesito de aux\u00edlio ao colega menos experiente para torn\u00e1-lo aut\u00f4nomo e aumentar suas compet\u00eancias sociais. Tamb\u00e9m est\u00e1 em quest\u00e3o um processo de mudan\u00e7a e desenvolvimento com base na confian\u00e7a, tal como o que deve ser estabelecido entre terapeuta e paciente.[\/et_pb_text][\/et_pb_column][\/et_pb_row][\/et_pb_section][et_pb_section fb_built=&#8221;1&#8243; admin_label=&#8221;Call to Action&#8221; _builder_version=&#8221;4.23.1&#8243; _module_preset=&#8221;default&#8221; background_color=&#8221;rgba(248,245,227,0.2)&#8221; background_enable_image=&#8221;off&#8221; parallax=&#8221;on&#8221; background_enable_pattern_style=&#8221;on&#8221; background_pattern_style=&#8221;smiles&#8221; background_pattern_color=&#8221;rgba(248,245,227,0.66)&#8221; saved_tabs=&#8221;all&#8221; locked=&#8221;off&#8221; collapsed=&#8221;on&#8221; global_colors_info=&#8221;{}&#8221;][et_pb_row _builder_version=&#8221;4.23.1&#8243; _module_preset=&#8221;default&#8221; background_color=&#8221;#F8F5E3&#8243; background_image=&#8221;https:\/\/infanciamais.com.br\/wp-content\/uploads\/2023\/10\/dentist-office-background-03.png&#8221; background_position=&#8221;top_left&#8221; max_width=&#8221;1280px&#8221; custom_margin=&#8221;111px|auto|111px|auto|true|false&#8221; custom_padding=&#8221;5vw|5vw|5vw|5vw|true|true&#8221; animation_style=&#8221;slide&#8221; animation_direction=&#8221;bottom&#8221; border_radii=&#8221;on|20px|20px|20px|20px&#8221; global_colors_info=&#8221;{}&#8221;][et_pb_column type=&#8221;4_4&#8243; _builder_version=&#8221;4.22.1&#8243; _module_preset=&#8221;default&#8221; global_colors_info=&#8221;{}&#8221;][et_pb_text _builder_version=&#8221;4.23.1&#8243; _module_preset=&#8221;281475d3-4486-45f8-94ed-e1f1992a26f6&#8243; header_2_text_color=&#8221;#98C4BA&#8221; text_orientation=&#8221;center&#8221; custom_margin=&#8221;||10px||false|false&#8221; global_colors_info=&#8221;{}&#8221;]<\/p>\n<h2>Desenvolva Sua Carreira Hoje!<\/h2>\n<p>[\/et_pb_text][et_pb_button button_text=&#8221;Marcar um hor\u00e1rio&#8221; button_alignment=&#8221;center&#8221; _builder_version=&#8221;4.22.2&#8243; _module_preset=&#8221;360b0880-1144-4735-bb92-31875acae719&#8243; button_bg_color=&#8221;#F3BC72&#8243; global_colors_info=&#8221;{}&#8221;][\/et_pb_button][\/et_pb_column][\/et_pb_row][\/et_pb_section]<\/p>\n","protected":false},"excerpt":{"rendered":"<p>Supervis\u00e3o ProfissionalServi\u00e7o<div class=\"et_pb_module dnxte_divider dnxte_divider_0\">\n\t\t\t\t\n\t\t\t\t\n\t\t\t\t\n\t\t\t\t\n\t\t\t\t\n\t\t\t\t\n\t\t\t\t<div class=\"et_pb_module_inner\">\n\t\t\t\t\t<div class=\"dnext-sid-text-divider-wrapper \">\r\n\t\t\t\t<div class=\"dnext-sid-text-divider-before dnext-sid-text-divider\"><\/div>\r\n\t\t\t\t<span class=\"dnext-sid-text-divider-icon\">;<\/span>\r\n\t\t\t\t\r\n\t\t\t\t<div class=\"dnext-sid-text-divider-after dnext-sid-text-divider\"><\/div>\r\n\t\t\t<\/div>\n\t\t\t\t<\/div>\n\t\t\t<\/div><div class=\"et_pb_module dnxte_image_reveal dnxte_image_reveal_0\">\n\t\t\t\t\n\t\t\t\t\n\t\t\t\t\n\t\t\t\t\n\t\t\t\t\n\t\t\t\t\n\t\t\t\t<div class=\"et_pb_module_inner\">\n\t\t\t\t\t<figure class=\"dnext-imr-reveal-effect dnext-imr-masker wow\">\r\n\t\t\t\t<img decoding=\"async\" src=\"https:\/\/infanciamais.com.br\/wp-content\/uploads\/2023\/12\/Supervisao-profissional.jpg\" alt=\"\" srcset=\"https:\/\/infanciamais.com.br\/wp-content\/uploads\/2023\/12\/Supervisao-profissional.jpg 2185w, https:\/\/infanciamais.com.br\/wp-content\/uploads\/2023\/12\/Supervisao-profissional-1280x853.jpg 1280w, https:\/\/infanciamais.com.br\/wp-content\/uploads\/2023\/12\/Supervisao-profissional-980x653.jpg 980w, https:\/\/infanciamais.com.br\/wp-content\/uploads\/2023\/12\/Supervisao-profissional-480x320.jpg 480w\" sizes=\"(min-width: 0px) and (max-width: 480px) 480px, (min-width: 481px) and (max-width: 980px) 980px, (min-width: 981px) and (max-width: 1280px) 1280px, (min-width: 1281px) 2185px, 100vw\" \/>\r\n\t\t\t<\/figure>\n\t\t\t\t<\/div>\n\t\t\t<\/div>Supervisor em Psicologia: papel e import\u00e2nciaO supervisor em Psicologia \u00e9 o profissional ao qual cabe fazer a interven\u00e7\u00e3o em que se estabelece rela\u00e7\u00e3o entre colegas de uma mesma profiss\u00e3o, sendo o supervisor o mais experiente e estando o profissional menos experiente, o [&hellip;]<\/p>\n","protected":false},"author":1,"featured_media":0,"parent":0,"menu_order":0,"comment_status":"closed","ping_status":"closed","template":"","meta":{"_et_pb_use_builder":"on","_et_pb_old_content":"","_et_gb_content_width":"","footnotes":""},"class_list":["post-370945","page","type-page","status-publish","hentry"],"yoast_head":"<!-- This site is optimized with the Yoast SEO plugin v26.1 - https:\/\/yoast.com\/wordpress\/plugins\/seo\/ -->\n<title>Supervis\u00e3o Profissional - Infancia mais<\/title>\n<meta name=\"robots\" content=\"index, follow, max-snippet:-1, max-image-preview:large, max-video-preview:-1\" \/>\n<link rel=\"canonical\" href=\"https:\/\/infanciamais.com.br\/index.php\/supervisao-profissional\/\" \/>\n<meta property=\"og:locale\" content=\"en_US\" \/>\n<meta property=\"og:type\" content=\"article\" \/>\n<meta property=\"og:title\" content=\"Supervis\u00e3o Profissional - Infancia mais\" \/>\n<meta property=\"og:description\" content=\"Supervis\u00e3o ProfissionalServi\u00e7oSupervisor em Psicologia: papel e import\u00e2nciaO supervisor em Psicologia \u00e9 o profissional ao qual cabe fazer a interven\u00e7\u00e3o em que se estabelece rela\u00e7\u00e3o entre colegas de uma mesma profiss\u00e3o, sendo o supervisor o mais experiente e estando o profissional menos experiente, o [&hellip;]\" \/>\n<meta property=\"og:url\" content=\"https:\/\/infanciamais.com.br\/index.php\/supervisao-profissional\/\" \/>\n<meta property=\"og:site_name\" content=\"Infancia mais\" \/>\n<meta property=\"article:modified_time\" content=\"2023-12-08T18:38:31+00:00\" \/>\n<meta name=\"twitter:card\" content=\"summary_large_image\" \/>\n<script type=\"application\/ld+json\" class=\"yoast-schema-graph\">{\"@context\":\"https:\/\/schema.org\",\"@graph\":[{\"@type\":\"WebPage\",\"@id\":\"https:\/\/infanciamais.com.br\/index.php\/supervisao-profissional\/\",\"url\":\"https:\/\/infanciamais.com.br\/index.php\/supervisao-profissional\/\",\"name\":\"Supervis\u00e3o Profissional - Infancia mais\",\"isPartOf\":{\"@id\":\"https:\/\/infanciamais.com.br\/#website\"},\"datePublished\":\"2023-12-08T01:19:04+00:00\",\"dateModified\":\"2023-12-08T18:38:31+00:00\",\"breadcrumb\":{\"@id\":\"https:\/\/infanciamais.com.br\/index.php\/supervisao-profissional\/#breadcrumb\"},\"inLanguage\":\"en-US\",\"potentialAction\":[{\"@type\":\"ReadAction\",\"target\":[\"https:\/\/infanciamais.com.br\/index.php\/supervisao-profissional\/\"]}]},{\"@type\":\"BreadcrumbList\",\"@id\":\"https:\/\/infanciamais.com.br\/index.php\/supervisao-profissional\/#breadcrumb\",\"itemListElement\":[{\"@type\":\"ListItem\",\"position\":1,\"name\":\"In\u00edcio\",\"item\":\"https:\/\/infanciamais.com.br\/\"},{\"@type\":\"ListItem\",\"position\":2,\"name\":\"Supervis\u00e3o Profissional\"}]},{\"@type\":\"WebSite\",\"@id\":\"https:\/\/infanciamais.com.br\/#website\",\"url\":\"https:\/\/infanciamais.com.br\/\",\"name\":\"Infancia mais\",\"description\":\"\",\"potentialAction\":[{\"@type\":\"SearchAction\",\"target\":{\"@type\":\"EntryPoint\",\"urlTemplate\":\"https:\/\/infanciamais.com.br\/?s={search_term_string}\"},\"query-input\":{\"@type\":\"PropertyValueSpecification\",\"valueRequired\":true,\"valueName\":\"search_term_string\"}}],\"inLanguage\":\"en-US\"}]}<\/script>\n<!-- \/ Yoast SEO plugin. -->","yoast_head_json":{"title":"Supervis\u00e3o Profissional - Infancia mais","robots":{"index":"index","follow":"follow","max-snippet":"max-snippet:-1","max-image-preview":"max-image-preview:large","max-video-preview":"max-video-preview:-1"},"canonical":"https:\/\/infanciamais.com.br\/index.php\/supervisao-profissional\/","og_locale":"en_US","og_type":"article","og_title":"Supervis\u00e3o Profissional - Infancia mais","og_description":"Supervis\u00e3o ProfissionalServi\u00e7oSupervisor em Psicologia: papel e import\u00e2nciaO supervisor em Psicologia \u00e9 o profissional ao qual cabe fazer a interven\u00e7\u00e3o em que se estabelece rela\u00e7\u00e3o entre colegas de uma mesma profiss\u00e3o, sendo o supervisor o mais experiente e estando o profissional menos experiente, o [&hellip;]","og_url":"https:\/\/infanciamais.com.br\/index.php\/supervisao-profissional\/","og_site_name":"Infancia mais","article_modified_time":"2023-12-08T18:38:31+00:00","twitter_card":"summary_large_image","schema":{"@context":"https:\/\/schema.org","@graph":[{"@type":"WebPage","@id":"https:\/\/infanciamais.com.br\/index.php\/supervisao-profissional\/","url":"https:\/\/infanciamais.com.br\/index.php\/supervisao-profissional\/","name":"Supervis\u00e3o Profissional - Infancia mais","isPartOf":{"@id":"https:\/\/infanciamais.com.br\/#website"},"datePublished":"2023-12-08T01:19:04+00:00","dateModified":"2023-12-08T18:38:31+00:00","breadcrumb":{"@id":"https:\/\/infanciamais.com.br\/index.php\/supervisao-profissional\/#breadcrumb"},"inLanguage":"en-US","potentialAction":[{"@type":"ReadAction","target":["https:\/\/infanciamais.com.br\/index.php\/supervisao-profissional\/"]}]},{"@type":"BreadcrumbList","@id":"https:\/\/infanciamais.com.br\/index.php\/supervisao-profissional\/#breadcrumb","itemListElement":[{"@type":"ListItem","position":1,"name":"In\u00edcio","item":"https:\/\/infanciamais.com.br\/"},{"@type":"ListItem","position":2,"name":"Supervis\u00e3o Profissional"}]},{"@type":"WebSite","@id":"https:\/\/infanciamais.com.br\/#website","url":"https:\/\/infanciamais.com.br\/","name":"Infancia mais","description":"","potentialAction":[{"@type":"SearchAction","target":{"@type":"EntryPoint","urlTemplate":"https:\/\/infanciamais.com.br\/?s={search_term_string}"},"query-input":{"@type":"PropertyValueSpecification","valueRequired":true,"valueName":"search_term_string"}}],"inLanguage":"en-US"}]}},"_links":{"self":[{"href":"https:\/\/infanciamais.com.br\/index.php\/wp-json\/wp\/v2\/pages\/370945","targetHints":{"allow":["GET"]}}],"collection":[{"href":"https:\/\/infanciamais.com.br\/index.php\/wp-json\/wp\/v2\/pages"}],"about":[{"href":"https:\/\/infanciamais.com.br\/index.php\/wp-json\/wp\/v2\/types\/page"}],"author":[{"embeddable":true,"href":"https:\/\/infanciamais.com.br\/index.php\/wp-json\/wp\/v2\/users\/1"}],"replies":[{"embeddable":true,"href":"https:\/\/infanciamais.com.br\/index.php\/wp-json\/wp\/v2\/comments?post=370945"}],"version-history":[{"count":4,"href":"https:\/\/infanciamais.com.br\/index.php\/wp-json\/wp\/v2\/pages\/370945\/revisions"}],"predecessor-version":[{"id":371060,"href":"https:\/\/infanciamais.com.br\/index.php\/wp-json\/wp\/v2\/pages\/370945\/revisions\/371060"}],"wp:attachment":[{"href":"https:\/\/infanciamais.com.br\/index.php\/wp-json\/wp\/v2\/media?parent=370945"}],"curies":[{"name":"wp","href":"https:\/\/api.w.org\/{rel}","templated":true}]}}