{"id":370908,"date":"2023-12-06T18:56:20","date_gmt":"2023-12-06T21:56:20","guid":{"rendered":"https:\/\/infanciamais.com.br\/?page_id=370908"},"modified":"2023-12-08T15:52:18","modified_gmt":"2023-12-08T18:52:18","slug":"contato","status":"publish","type":"page","link":"https:\/\/infanciamais.com.br\/index.php\/contato\/","title":{"rendered":"Contato"},"content":{"rendered":"<p>[et_pb_section fb_built=&#8221;1&#8243; admin_label=&#8221;Header&#8221; _builder_version=&#8221;4.22.1&#8243; _module_preset=&#8221;default&#8221; custom_padding=&#8221;||0px||false|false&#8221; hover_enabled=&#8221;0&#8243; locked=&#8221;off&#8221; collapsed=&#8221;on&#8221; global_colors_info=&#8221;{}&#8221; sticky_enabled=&#8221;0&#8243;][et_pb_row _builder_version=&#8221;4.23.1&#8243; _module_preset=&#8221;default&#8221; custom_padding=&#8221;79px|||||&#8221; hover_enabled=&#8221;0&#8243; locked=&#8221;off&#8221; global_colors_info=&#8221;{}&#8221; custom_padding_last_edited=&#8221;on|phone&#8221; custom_padding_phone=&#8221;30px||||false|false&#8221; sticky_enabled=&#8221;0&#8243; custom_padding_tablet=&#8221;79px|||||&#8221;][et_pb_column type=&#8221;4_4&#8243; _builder_version=&#8221;4.22.1&#8243; _module_preset=&#8221;default&#8221; z_index=&#8221;10&#8243; global_colors_info=&#8221;{}&#8221;][dnxte_text_highlight before_text=&#8221;Nossos &#8221; highlight_text=&#8221;Contatos&#8221; highlight_alignment=&#8221;center&#8221; stroke_color=&#8221;#F3BC72&#8243; stroke_width=&#8221;8px&#8221; dnxt_svg_select=&#8221;circle&#8221; stroke_width_tablet=&#8221;8px&#8221; stroke_width_phone=&#8221;8px&#8221; stroke_width_last_edited=&#8221;on|desktop&#8221; _builder_version=&#8221;4.23.1&#8243; _module_preset=&#8221;default&#8221; heading_fonts_font=&#8221;Work Sans|600|||||||&#8221; heading_fonts_text_color=&#8221;#98C4BA&#8221; heading_fonts_font_size=&#8221;80px&#8221; animation_fonts_font=&#8221;Work Sans|600|||||||&#8221; animation_fonts_text_color=&#8221;#98C4BA&#8221; animation_fonts_font_size=&#8221;70px&#8221; custom_margin=&#8221;||18px|||&#8221; hover_enabled=&#8221;0&#8243; locked=&#8221;off&#8221; global_colors_info=&#8221;{}&#8221; heading_fonts_line_height_last_edited=&#8221;on|phone&#8221; heading_fonts_line_height_phone=&#8221;1em&#8221; animation_fonts_line_height_last_edited=&#8221;on|phone&#8221; animation_fonts_line_height_phone=&#8221;1em&#8221; custom_margin_last_edited=&#8221;on|phone&#8221; custom_margin_phone=&#8221;||12px||false|false&#8221; sticky_enabled=&#8221;0&#8243; heading_fonts_font_size_last_edited=&#8221;on|phone&#8221; heading_fonts_font_size_phone=&#8221;70px&#8221; custom_margin_tablet=&#8221;||18px|||&#8221; heading_fonts_font_size_tablet=&#8221;80px&#8221;][\/dnxte_text_highlight][et_pb_text _builder_version=&#8221;4.23.1&#8243; _module_preset=&#8221;5164cbd1-df08-47af-997a-798133a18232&#8243; text_orientation=&#8221;center&#8221; hover_enabled=&#8221;0&#8243; global_colors_info=&#8221;{}&#8221; header_5_font_size_phone=&#8221;16px&#8221; header_5_text_color=&#8221;#8F8F8F&#8221; sticky_enabled=&#8221;0&#8243;]<\/p>\n<h5>Desde j\u00e1 agradecemos o seu contato!<\/h5>\n<p>[\/et_pb_text][et_pb_button button_text=&#8221;Marcar Consulta&#8221; button_alignment=&#8221;center&#8221; _builder_version=&#8221;4.23.1&#8243; _module_preset=&#8221;27179676-c779-4105-894f-f20d58afd919&#8243; button_bg_color=&#8221;#F3BC72&#8243; custom_margin=&#8221;||30px||false|false&#8221; global_colors_info=&#8221;{}&#8221;][\/et_pb_button][\/et_pb_column][\/et_pb_row][\/et_pb_section][et_pb_section fb_built=&#8221;1&#8243; admin_label=&#8221;Contact Info&#8221; _builder_version=&#8221;4.22.1&#8243; _module_preset=&#8221;default&#8221; collapsed=&#8221;on&#8221; global_colors_info=&#8221;{}&#8221;][et_pb_row column_structure=&#8221;1_3,1_3,1_3&#8243; make_equal=&#8221;on&#8221; _builder_version=&#8221;4.22.1&#8243; _module_preset=&#8221;default&#8221; locked=&#8221;off&#8221; global_colors_info=&#8221;{}&#8221;][et_pb_column type=&#8221;1_3&#8243; _builder_version=&#8221;4.22.1&#8243; _module_preset=&#8221;default&#8221; background_color=&#8221;gcid-924bddf2-c0ef-4ef9-b028-8630e1b50bab&#8221; custom_padding=&#8221;40px|40px|40px|40px|true|true&#8221; custom_padding_tablet=&#8221;30px|30px|30px|30px|true|true&#8221; custom_padding_phone=&#8221;20px|20px|20px|20px|true|true&#8221; custom_padding_last_edited=&#8221;on|desktop&#8221; border_radii=&#8221;on|10px|10px|10px|10px&#8221; global_colors_info=&#8221;{%22gcid-924bddf2-c0ef-4ef9-b028-8630e1b50bab%22:%91%22background_color%22%93}&#8221;][et_pb_icon font_icon=&#8221;&#xf232;||fa||400&#8243; icon_color=&#8221;#98C4BA&#8221; icon_width=&#8221;64px&#8221; _builder_version=&#8221;4.23.1&#8243; _module_preset=&#8221;default&#8221; global_colors_info=&#8221;{}&#8221;][\/et_pb_icon][et_pb_text _builder_version=&#8221;4.23.1&#8243; _module_preset=&#8221;0e849a8d-ee8f-440a-9b39-557185e85e28&#8243; text_orientation=&#8221;center&#8221; custom_margin=&#8221;||0px||false|false&#8221; global_colors_info=&#8221;{}&#8221;]<\/p>\n<h4>WhatsApp<\/h4>\n<p>[\/et_pb_text][et_pb_text _builder_version=&#8221;4.23.1&#8243; _module_preset=&#8221;568ada10-47ee-41f9-beb2-cd831aea313d&#8221; link_text_color=&#8221;gcid-840cd285-ee6f-49c1-abc9-5e893f3235b8&#8243; text_orientation=&#8221;center&#8221; global_colors_info=&#8221;{%22gcid-840cd285-ee6f-49c1-abc9-5e893f3235b8%22:%91%22link_text_color%22%93}&#8221;](22) 99849-9891[\/et_pb_text][\/et_pb_column][et_pb_column type=&#8221;1_3&#8243; _builder_version=&#8221;4.22.1&#8243; _module_preset=&#8221;default&#8221; background_color=&#8221;gcid-924bddf2-c0ef-4ef9-b028-8630e1b50bab&#8221; custom_padding=&#8221;40px|40px|40px|40px|true|true&#8221; custom_padding_tablet=&#8221;30px|30px|30px|30px|true|true&#8221; custom_padding_phone=&#8221;20px|20px|20px|20px|true|true&#8221; custom_padding_last_edited=&#8221;on|desktop&#8221; border_radii=&#8221;on|10px|10px|10px|10px&#8221; global_colors_info=&#8221;{%22gcid-924bddf2-c0ef-4ef9-b028-8630e1b50bab%22:%91%22background_color%22%93}&#8221;][et_pb_icon font_icon=&#8221;&#xf276;||fa||900&#8243; icon_color=&#8221;#98C4BA&#8221; icon_width=&#8221;64px&#8221; _builder_version=&#8221;4.22.1&#8243; _module_preset=&#8221;default&#8221; global_colors_info=&#8221;{%22gcid-b58e2385-d7f3-4b8c-8c82-a83e7d966eb3%22:%91%22icon_color%22%93}&#8221;][\/et_pb_icon][et_pb_text _builder_version=&#8221;4.23.1&#8243; _module_preset=&#8221;0e849a8d-ee8f-440a-9b39-557185e85e28&#8243; text_orientation=&#8221;center&#8221; custom_margin=&#8221;||0px||false|false&#8221; global_colors_info=&#8221;{}&#8221;]<\/p>\n<h4>Endere\u00e7o<\/h4>\n<p>[\/et_pb_text][et_pb_text _builder_version=&#8221;4.23.1&#8243; _module_preset=&#8221;568ada10-47ee-41f9-beb2-cd831aea313d&#8221; link_text_color=&#8221;gcid-840cd285-ee6f-49c1-abc9-5e893f3235b8&#8243; text_orientation=&#8221;center&#8221; global_colors_info=&#8221;{%22gcid-840cd285-ee6f-49c1-abc9-5e893f3235b8%22:%91%22link_text_color%22%93}&#8221;]Av. Carlos Augusto T. Garcia, 2060 &#8211; Riviera Fluminense, Maca\u00e9 &#8211; RJ[\/et_pb_text][\/et_pb_column][et_pb_column type=&#8221;1_3&#8243; _builder_version=&#8221;4.22.1&#8243; _module_preset=&#8221;default&#8221; background_color=&#8221;gcid-924bddf2-c0ef-4ef9-b028-8630e1b50bab&#8221; custom_padding=&#8221;40px|40px|40px|40px|true|true&#8221; custom_padding_tablet=&#8221;30px|30px|30px|30px|true|true&#8221; custom_padding_phone=&#8221;20px|20px|20px|20px|true|true&#8221; custom_padding_last_edited=&#8221;on|desktop&#8221; border_radii=&#8221;on|10px|10px|10px|10px&#8221; global_colors_info=&#8221;{%22gcid-924bddf2-c0ef-4ef9-b028-8630e1b50bab%22:%91%22background_color%22%93}&#8221;][et_pb_icon font_icon=&#8221;&#xf2b6;||fa||900&#8243; icon_color=&#8221;#98C4BA&#8221; icon_width=&#8221;64px&#8221; _builder_version=&#8221;4.22.1&#8243; _module_preset=&#8221;default&#8221; global_colors_info=&#8221;{%22gcid-b58e2385-d7f3-4b8c-8c82-a83e7d966eb3%22:%91%22icon_color%22%93}&#8221;][\/et_pb_icon][et_pb_text _builder_version=&#8221;4.22.1&#8243; _module_preset=&#8221;0e849a8d-ee8f-440a-9b39-557185e85e28&#8243; text_orientation=&#8221;center&#8221; custom_margin=&#8221;||0px||false|false&#8221; global_colors_info=&#8221;{}&#8221;]<\/p>\n<h4>Email Us<\/h4>\n<p>[\/et_pb_text][et_pb_text _builder_version=&#8221;4.23.1&#8243; _module_preset=&#8221;568ada10-47ee-41f9-beb2-cd831aea313d&#8221; link_text_color=&#8221;gcid-840cd285-ee6f-49c1-abc9-5e893f3235b8&#8243; text_orientation=&#8221;center&#8221; link_option_url=&#8221;mailto:atendimento@infanciamais.com.br&#8221; link_option_url_new_window=&#8221;on&#8221; global_colors_info=&#8221;{%22gcid-840cd285-ee6f-49c1-abc9-5e893f3235b8%22:%91%22link_text_color%22%93}&#8221;]<a href=\"mailto:#\">atendimento@infanciamais.com.br<\/a>[\/et_pb_text][\/et_pb_column][\/et_pb_row][et_pb_row _builder_version=&#8221;4.23.1&#8243; _module_preset=&#8221;default&#8221; global_colors_info=&#8221;{}&#8221;][et_pb_column type=&#8221;4_4&#8243; _builder_version=&#8221;4.23.1&#8243; _module_preset=&#8221;default&#8221; global_colors_info=&#8221;{}&#8221;][et_pb_text _builder_version=&#8221;4.23.1&#8243; _module_preset=&#8221;default&#8221; text_orientation=&#8221;center&#8221; custom_margin=&#8221;||3px|||&#8221; global_colors_info=&#8221;{}&#8221;]<\/p>\n<p>Siga-nos nas Redes Sociais:<\/p>\n<p>[\/et_pb_text][et_pb_social_media_follow _builder_version=&#8221;4.23.1&#8243; _module_preset=&#8221;default&#8221; text_orientation=&#8221;center&#8221; custom_margin=&#8221;0px||||false|false&#8221; border_radii=&#8221;on|100px|100px|100px|100px&#8221; border_width_all=&#8221;1px&#8221; border_color_all=&#8221;#FFFFFF&#8221; locked=&#8221;off&#8221; global_colors_info=&#8221;{}&#8221;][et_pb_social_media_follow_network social_network=&#8221;instagram&#8221; url=&#8221;https:\/\/www.instagram.com\/infanciamaispsi&#8221; icon_color=&#8221;#F3BC72&#8243; use_icon_font_size=&#8221;on&#8221; icon_font_size=&#8221;34px&#8221; _builder_version=&#8221;4.23.1&#8243; _module_preset=&#8221;default&#8221; custom_padding=&#8221;4px|4px|4px|4px|true|true&#8221; global_colors_info=&#8221;{}&#8221; follow_button=&#8221;off&#8221; url_new_window=&#8221;on&#8221;]instagram[\/et_pb_social_media_follow_network][et_pb_social_media_follow_network social_network=&#8221;facebook&#8221; url=&#8221;https:\/\/www.facebook.com\/infanciamaispsi&#8221; icon_color=&#8221;#F3BC72&#8243; use_icon_font_size=&#8221;on&#8221; icon_font_size=&#8221;34px&#8221; _builder_version=&#8221;4.23.1&#8243; _module_preset=&#8221;default&#8221; custom_padding=&#8221;4px|4px|4px|4px|true|true&#8221; global_colors_info=&#8221;{}&#8221; follow_button=&#8221;off&#8221; url_new_window=&#8221;on&#8221;]facebook[\/et_pb_social_media_follow_network][\/et_pb_social_media_follow][\/et_pb_column][\/et_pb_row][\/et_pb_section]<\/p>\n","protected":false},"excerpt":{"rendered":"<p><div class=\"et_pb_module dnxte_text_highlight dnxte_text_highlight_0\">\n\t\t\t\t\n\t\t\t\t\n\t\t\t\t\n\t\t\t\t\n\t\t\t\t\n\t\t\t\t\n\t\t\t\t<div class=\"et_pb_module_inner\">\n\t\t\t\t\t<h2 class=\"dnxt-highlight-intro  dnext_highlight_alignment_center\">\r\n\t\t\t\t\t<span class=\"dnxt-highlight-Btext dnxt-text-heading\">Nossos <\/span>\r\n\t\t\t\t\t<span class=\"dnxt-text-highlight-animated-wrapper\">\r\n\t\t\t\t\t\t<span class=\"dnxt-text-highlight dnxt-text-highlight-animated-text\">Contatos<\/span>\r\n\t\t\t\t\t\t<span><svg xmlns=\"http:\/\/www.w3.org\/2000\/svg\" viewBox=\"0 0 500 150\" preserveAspectRatio=\"none\"><path d=\"M325,18C228.7-8.3,118.5,8.3,78,21C22.4,38.4,4.6,54.6,5.6,77.6c1.4,32.4,52.2,54,142.6,63.7 c66.2,7.1,212.2,7.5,273.5-8.3c64.4-16.6,104.3-57.6,33.8-98.2C386.7-4.9,179.4-1.4,126.3,20.7\"><\/path><\/svg><\/span>\r\n\t\t\t\t\t<\/span>\r\n\t\t\t\t\t\r\n\t\t\t<\/h2>\n\t\t\t\t<\/div>\n\t\t\t<\/div>Desde j\u00e1 agradecemos o seu contato!WhatsApp(22) 99849-9891Endere\u00e7oAv. Carlos Augusto T. Garcia, 2060 &#8211; Riviera Fluminense, Maca\u00e9 &#8211; RJEmail Usatendimento@infanciamais.com.brSiga-nos nas [&hellip;]<\/p>\n","protected":false},"author":1,"featured_media":0,"parent":0,"menu_order":0,"comment_status":"closed","ping_status":"closed","template":"","meta":{"_et_pb_use_builder":"on","_et_pb_old_content":"","_et_gb_content_width":"","footnotes":""},"class_list":["post-370908","page","type-page","status-publish","hentry"],"yoast_head":"<!-- This site is optimized with the Yoast SEO plugin v26.1 - https:\/\/yoast.com\/wordpress\/plugins\/seo\/ -->\n<title>Contato - Infancia mais<\/title>\n<meta name=\"robots\" content=\"index, follow, max-snippet:-1, max-image-preview:large, max-video-preview:-1\" \/>\n<link rel=\"canonical\" href=\"https:\/\/infanciamais.com.br\/index.php\/contato\/\" \/>\n<meta property=\"og:locale\" content=\"en_US\" \/>\n<meta property=\"og:type\" content=\"article\" \/>\n<meta property=\"og:title\" content=\"Contato - Infancia mais\" \/>\n<meta property=\"og:description\" content=\"Desde j\u00e1 agradecemos o seu contato!WhatsApp(22) 99849-9891Endere\u00e7oAv. Carlos Augusto T. Garcia, 2060 - Riviera Fluminense, Maca\u00e9 - RJEmail Usatendimento@infanciamais.com.brSiga-nos nas [&hellip;]\" \/>\n<meta property=\"og:url\" content=\"https:\/\/infanciamais.com.br\/index.php\/contato\/\" \/>\n<meta property=\"og:site_name\" content=\"Infancia mais\" \/>\n<meta property=\"article:modified_time\" content=\"2023-12-08T18:52:18+00:00\" \/>\n<meta name=\"twitter:card\" content=\"summary_large_image\" \/>\n<script type=\"application\/ld+json\" class=\"yoast-schema-graph\">{\"@context\":\"https:\/\/schema.org\",\"@graph\":[{\"@type\":\"WebPage\",\"@id\":\"https:\/\/infanciamais.com.br\/index.php\/contato\/\",\"url\":\"https:\/\/infanciamais.com.br\/index.php\/contato\/\",\"name\":\"Contato - Infancia mais\",\"isPartOf\":{\"@id\":\"https:\/\/infanciamais.com.br\/#website\"},\"datePublished\":\"2023-12-06T21:56:20+00:00\",\"dateModified\":\"2023-12-08T18:52:18+00:00\",\"breadcrumb\":{\"@id\":\"https:\/\/infanciamais.com.br\/index.php\/contato\/#breadcrumb\"},\"inLanguage\":\"en-US\",\"potentialAction\":[{\"@type\":\"ReadAction\",\"target\":[\"https:\/\/infanciamais.com.br\/index.php\/contato\/\"]}]},{\"@type\":\"BreadcrumbList\",\"@id\":\"https:\/\/infanciamais.com.br\/index.php\/contato\/#breadcrumb\",\"itemListElement\":[{\"@type\":\"ListItem\",\"position\":1,\"name\":\"In\u00edcio\",\"item\":\"https:\/\/infanciamais.com.br\/\"},{\"@type\":\"ListItem\",\"position\":2,\"name\":\"Contato\"}]},{\"@type\":\"WebSite\",\"@id\":\"https:\/\/infanciamais.com.br\/#website\",\"url\":\"https:\/\/infanciamais.com.br\/\",\"name\":\"Infancia mais\",\"description\":\"\",\"potentialAction\":[{\"@type\":\"SearchAction\",\"target\":{\"@type\":\"EntryPoint\",\"urlTemplate\":\"https:\/\/infanciamais.com.br\/?s={search_term_string}\"},\"query-input\":{\"@type\":\"PropertyValueSpecification\",\"valueRequired\":true,\"valueName\":\"search_term_string\"}}],\"inLanguage\":\"en-US\"}]}<\/script>\n<!-- \/ Yoast SEO plugin. -->","yoast_head_json":{"title":"Contato - Infancia mais","robots":{"index":"index","follow":"follow","max-snippet":"max-snippet:-1","max-image-preview":"max-image-preview:large","max-video-preview":"max-video-preview:-1"},"canonical":"https:\/\/infanciamais.com.br\/index.php\/contato\/","og_locale":"en_US","og_type":"article","og_title":"Contato - Infancia mais","og_description":"Desde j\u00e1 agradecemos o seu contato!WhatsApp(22) 99849-9891Endere\u00e7oAv. Carlos Augusto T. Garcia, 2060 - Riviera Fluminense, Maca\u00e9 - RJEmail Usatendimento@infanciamais.com.brSiga-nos nas [&hellip;]","og_url":"https:\/\/infanciamais.com.br\/index.php\/contato\/","og_site_name":"Infancia mais","article_modified_time":"2023-12-08T18:52:18+00:00","twitter_card":"summary_large_image","schema":{"@context":"https:\/\/schema.org","@graph":[{"@type":"WebPage","@id":"https:\/\/infanciamais.com.br\/index.php\/contato\/","url":"https:\/\/infanciamais.com.br\/index.php\/contato\/","name":"Contato - Infancia mais","isPartOf":{"@id":"https:\/\/infanciamais.com.br\/#website"},"datePublished":"2023-12-06T21:56:20+00:00","dateModified":"2023-12-08T18:52:18+00:00","breadcrumb":{"@id":"https:\/\/infanciamais.com.br\/index.php\/contato\/#breadcrumb"},"inLanguage":"en-US","potentialAction":[{"@type":"ReadAction","target":["https:\/\/infanciamais.com.br\/index.php\/contato\/"]}]},{"@type":"BreadcrumbList","@id":"https:\/\/infanciamais.com.br\/index.php\/contato\/#breadcrumb","itemListElement":[{"@type":"ListItem","position":1,"name":"In\u00edcio","item":"https:\/\/infanciamais.com.br\/"},{"@type":"ListItem","position":2,"name":"Contato"}]},{"@type":"WebSite","@id":"https:\/\/infanciamais.com.br\/#website","url":"https:\/\/infanciamais.com.br\/","name":"Infancia mais","description":"","potentialAction":[{"@type":"SearchAction","target":{"@type":"EntryPoint","urlTemplate":"https:\/\/infanciamais.com.br\/?s={search_term_string}"},"query-input":{"@type":"PropertyValueSpecification","valueRequired":true,"valueName":"search_term_string"}}],"inLanguage":"en-US"}]}},"_links":{"self":[{"href":"https:\/\/infanciamais.com.br\/index.php\/wp-json\/wp\/v2\/pages\/370908","targetHints":{"allow":["GET"]}}],"collection":[{"href":"https:\/\/infanciamais.com.br\/index.php\/wp-json\/wp\/v2\/pages"}],"about":[{"href":"https:\/\/infanciamais.com.br\/index.php\/wp-json\/wp\/v2\/types\/page"}],"author":[{"embeddable":true,"href":"https:\/\/infanciamais.com.br\/index.php\/wp-json\/wp\/v2\/users\/1"}],"replies":[{"embeddable":true,"href":"https:\/\/infanciamais.com.br\/index.php\/wp-json\/wp\/v2\/comments?post=370908"}],"version-history":[{"count":9,"href":"https:\/\/infanciamais.com.br\/index.php\/wp-json\/wp\/v2\/pages\/370908\/revisions"}],"predecessor-version":[{"id":371072,"href":"https:\/\/infanciamais.com.br\/index.php\/wp-json\/wp\/v2\/pages\/370908\/revisions\/371072"}],"wp:attachment":[{"href":"https:\/\/infanciamais.com.br\/index.php\/wp-json\/wp\/v2\/media?parent=370908"}],"curies":[{"name":"wp","href":"https:\/\/api.w.org\/{rel}","templated":true}]}}