{"id":370870,"date":"2023-12-06T16:39:17","date_gmt":"2023-12-06T19:39:17","guid":{"rendered":"https:\/\/infanciamais.com.br\/?page_id=370870"},"modified":"2023-12-08T15:25:05","modified_gmt":"2023-12-08T18:25:05","slug":"modelo-denver","status":"publish","type":"page","link":"https:\/\/infanciamais.com.br\/index.php\/modelo-denver\/","title":{"rendered":"Modelo Denver"},"content":{"rendered":"<p>[et_pb_section fb_built=&#8221;1&#8243; admin_label=&#8221;Header&#8221; _builder_version=&#8221;4.22.1&#8243; _module_preset=&#8221;default&#8221; custom_padding=&#8221;||0px||false|false&#8221; collapsed=&#8221;off&#8221; global_colors_info=&#8221;{}&#8221;][et_pb_row _builder_version=&#8221;4.23.1&#8243; _module_preset=&#8221;default&#8221; custom_margin_tablet=&#8221;&#8221; custom_margin_phone=&#8221;-17px||||false|false&#8221; custom_margin_last_edited=&#8221;on|phone&#8221; custom_padding=&#8221;||11px|||&#8221; locked=&#8221;off&#8221; global_colors_info=&#8221;{}&#8221;][et_pb_column type=&#8221;4_4&#8243; _builder_version=&#8221;4.22.1&#8243; _module_preset=&#8221;default&#8221; z_index=&#8221;10&#8243; global_colors_info=&#8221;{}&#8221;][et_pb_text _builder_version=&#8221;4.23.1&#8243; _module_preset=&#8221;22d6134b-2773-4f47-922f-f7433146bdc4&#8243; header_font=&#8221;Work Sans|600|||||||&#8221; header_text_color=&#8221;#98C4BA&#8221; custom_margin=&#8221;||10px||false|false&#8221; custom_margin_tablet=&#8221;||10px||false|false&#8221; custom_margin_phone=&#8221;||2px||false|false&#8221; custom_margin_last_edited=&#8221;on|phone&#8221; custom_padding=&#8221;|||37px||&#8221; global_colors_info=&#8221;{}&#8221; custom_padding_phone=&#8221;|||0px|false|false&#8221; custom_padding_last_edited=&#8221;on|phone&#8221; header_font_size_phone=&#8221;37px&#8221; hover_enabled=&#8221;0&#8243; sticky_enabled=&#8221;0&#8243; custom_padding_tablet=&#8221;|||37px||&#8221;]<\/p>\n<h1>Modelo Denver de Interven\u00e7\u00e3o Precoce<\/h1>\n<p>[\/et_pb_text][et_pb_text _builder_version=&#8221;4.23.1&#8243; _module_preset=&#8221;d05c0554-a666-4370-a450-2400fe9c7685&#8243; header_5_text_color=&#8221;#F3BC72&#8243; custom_margin=&#8221;|||40px|false|false&#8221; custom_margin_phone=&#8221;0px||8px|0px|false|false&#8221; custom_margin_last_edited=&#8221;on|phone&#8221; hover_enabled=&#8221;0&#8243; global_colors_info=&#8221;{}&#8221; sticky_enabled=&#8221;0&#8243; custom_margin_tablet=&#8221;|||40px|false|false&#8221;]<\/p>\n<h5>Servi\u00e7o<\/h5>\n<p>[\/et_pb_text][dnxte_divider dnext_sid_font_icon=&#8221;&#x3b;||divi||400&#8243; dnext_sid_icon_color=&#8221;#F3BC72&#8243; dnext_sid_divider_color=&#8221;#98C4BA&#8221; _builder_version=&#8221;4.23.1&#8243; _module_preset=&#8221;default&#8221; global_colors_info=&#8221;{}&#8221;][\/dnxte_divider][et_pb_button button_text=&#8221;Agendar Atendimento&#8221; button_alignment_tablet=&#8221;&#8221; button_alignment_phone=&#8221;center&#8221; button_alignment_last_edited=&#8221;on|phone&#8221; _builder_version=&#8221;4.23.1&#8243; _module_preset=&#8221;e6ff4652-50aa-4862-8bd3-3ce475a5847c&#8221; button_bg_color=&#8221;#F3BC72&#8243; custom_margin=&#8221;||30px||false|false&#8221; global_colors_info=&#8221;{}&#8221; button_bg_color__hover_enabled=&#8221;on|hover&#8221; button_bg_color__hover=&#8221;#0C71C3&#8243; button_bg_enable_color__hover=&#8221;on&#8221;][\/et_pb_button][\/et_pb_column][\/et_pb_row][\/et_pb_section][et_pb_section fb_built=&#8221;1&#8243; admin_label=&#8221;Service&#8221; _builder_version=&#8221;4.23.1&#8243; _module_preset=&#8221;default&#8221; custom_margin_tablet=&#8221;&#8221; custom_margin_phone=&#8221;0px||0px||false|false&#8221; custom_margin_last_edited=&#8221;on|phone&#8221; custom_padding=&#8221;36px|||||&#8221; hover_enabled=&#8221;0&#8243; collapsed=&#8221;on&#8221; global_colors_info=&#8221;{}&#8221; custom_padding_last_edited=&#8221;on|phone&#8221; custom_padding_phone=&#8221;0px||||false|false&#8221; sticky_enabled=&#8221;0&#8243; custom_padding_tablet=&#8221;36px|||||&#8221;][et_pb_row column_structure=&#8221;1_2,1_2&#8243; _builder_version=&#8221;4.22.1&#8243; _module_preset=&#8221;default&#8221; global_colors_info=&#8221;{}&#8221;][et_pb_column type=&#8221;1_2&#8243; _builder_version=&#8221;4.22.1&#8243; _module_preset=&#8221;default&#8221; global_colors_info=&#8221;{}&#8221;][dnxte_image_reveal dnext_img_reveal=&#8221;https:\/\/infanciamais.com.br\/wp-content\/uploads\/2023\/12\/Modelo-Denver-de-Intervencao-Precoce-.jpg&#8221; dnext_single_color=&#8221;#F3BC72&#8243; _builder_version=&#8221;4.23.1&#8243; _module_preset=&#8221;default&#8221; border_radii=&#8221;on|20px|20px|20px|20px&#8221; global_colors_info=&#8221;{}&#8221;][\/dnxte_image_reveal][\/et_pb_column][et_pb_column type=&#8221;1_2&#8243; _builder_version=&#8221;4.22.1&#8243; _module_preset=&#8221;default&#8221; global_colors_info=&#8221;{}&#8221;][et_pb_text _builder_version=&#8221;4.23.1&#8243; _module_preset=&#8221;8b6efcb6-adb2-42a4-9897-51bc0df2a10e&#8221; header_2_font=&#8221;Work Sans|600|||||||&#8221; header_2_text_color=&#8221;#98C4BA&#8221; custom_margin=&#8221;||10px||false|false&#8221; global_colors_info=&#8221;{}&#8221;]<\/p>\n<h2>O que Esperar<\/h2>\n<p>[\/et_pb_text][et_pb_text _builder_version=&#8221;4.23.1&#8243; _module_preset=&#8221;d739bb78-d29d-4d80-aaa6-2c9055b8a4d2&#8243; text_font_size=&#8221;17px&#8221; text_line_height=&#8221;1.9em&#8221; global_colors_info=&#8221;{}&#8221;]Nossa Psic\u00f3loga Supervisora \u00e9 uma das 62 terapeutas certificadas no Modelo Denver de Interven\u00e7\u00e3o Precoce no Brasil e uma das primeiras nas Regi\u00e3o Norte fluminense<\/p>\n<p>O Modelo Denver de Interven\u00e7\u00e3o Precoce (ESDM) \u00e9 um dos m\u00e9todos utilizados nas interven\u00e7\u00f5es terap\u00eauticas do autismo. Em 2012, foi considerado pela revista Times uma das maiores descobertas da \u00e1rea m\u00e9dica[\/et_pb_text][\/et_pb_column][\/et_pb_row][et_pb_row _builder_version=&#8221;4.23.1&#8243; _module_preset=&#8221;default&#8221; global_colors_info=&#8221;{}&#8221;][et_pb_column type=&#8221;4_4&#8243; _builder_version=&#8221;4.23.1&#8243; _module_preset=&#8221;default&#8221; global_colors_info=&#8221;{}&#8221;][et_pb_text _builder_version=&#8221;4.23.1&#8243; _module_preset=&#8221;d739bb78-d29d-4d80-aaa6-2c9055b8a4d2&#8243; text_font_size=&#8221;17px&#8221; text_line_height=&#8221;1.9em&#8221; global_colors_info=&#8221;{}&#8221;]\u00c9 uma interven\u00e7\u00e3o naturalista e com comprova\u00e7\u00e3o cient\u00edfica, baseada na an\u00e1lise do comportamento (ABA) e no PRT<br \/>\nDestinado para crian\u00e7as entre 12 e 60 meses. Enfatiza a participa\u00e7\u00e3o da fam\u00edlia e cuidadores e pode ser aplicado em qualquer ambiente. <\/p>\n<p>O modelo Denver segue os interesses de cada crian\u00e7a e fornece uma base para a sua comunica\u00e7\u00e3o e intera\u00e7\u00e3o, focando na qualidade das rela\u00e7\u00f5es, do afeto e da receptividade.[\/et_pb_text][\/et_pb_column][\/et_pb_row][et_pb_row column_structure=&#8221;1_2,1_2&#8243; _builder_version=&#8221;4.22.1&#8243; _module_preset=&#8221;default&#8221; custom_padding=&#8221;||0px||false|false&#8221; global_colors_info=&#8221;{}&#8221;][et_pb_column type=&#8221;1_2&#8243; _builder_version=&#8221;4.22.1&#8243; _module_preset=&#8221;default&#8221; global_colors_info=&#8221;{}&#8221;][et_pb_text _builder_version=&#8221;4.23.1&#8243; _module_preset=&#8221;d739bb78-d29d-4d80-aaa6-2c9055b8a4d2&#8243; text_font_size=&#8221;17px&#8221; text_line_height=&#8221;1.9em&#8221; custom_margin=&#8221;24px||||false|false&#8221; custom_padding=&#8221;35px||||false|false&#8221; border_width_top=&#8221;1px&#8221; border_color_top=&#8221;#98C4BA&#8221; global_colors_info=&#8221;{}&#8221;]<\/p>\n<p>\u2022 A interven\u00e7\u00e3o deve ser guiada e orientada por um profissional certificado pelo Mind Institute, na Calif\u00f3rnia, EUA.<\/p>\n<p>\u2022 Aqui no nosso espa\u00e7o voc\u00ea encontra uma profissional com certifica\u00e7\u00e3o oficial para lhe auxiliar nessa caminhada.<\/p>\n<p>[\/et_pb_text][\/et_pb_column][et_pb_column type=&#8221;1_2&#8243; _builder_version=&#8221;4.22.1&#8243; _module_preset=&#8221;default&#8221; global_colors_info=&#8221;{}&#8221;][et_pb_image src=&#8221;https:\/\/infanciamais.com.br\/wp-content\/uploads\/2023\/12\/Unknown.png&#8221; title_text=&#8221;Unknown&#8221; _builder_version=&#8221;4.23.1&#8243; _module_preset=&#8221;default&#8221; width=&#8221;100%&#8221; module_alignment=&#8221;center&#8221; hover_enabled=&#8221;0&#8243; border_radii=&#8221;on|20px|20px|20px|20px&#8221; global_colors_info=&#8221;{}&#8221; width_last_edited=&#8221;on|phone&#8221; width_phone=&#8221;51%&#8221; align_last_edited=&#8221;on|phone&#8221; align_phone=&#8221;center&#8221; sticky_enabled=&#8221;0&#8243; width_tablet=&#8221;100%&#8221;][\/et_pb_image][\/et_pb_column][\/et_pb_row][\/et_pb_section][et_pb_section fb_built=&#8221;1&#8243; _builder_version=&#8221;4.23.1&#8243; _module_preset=&#8221;default&#8221; background_color=&#8221;#F8F5E3&#8243; custom_padding=&#8221;99px||94px|||&#8221; hover_enabled=&#8221;0&#8243; global_colors_info=&#8221;{}&#8221; custom_padding_last_edited=&#8221;on|phone&#8221; custom_padding_phone=&#8221;30px||30px||true|false&#8221; sticky_enabled=&#8221;0&#8243; custom_padding_tablet=&#8221;99px||94px|||&#8221;][et_pb_row _builder_version=&#8221;4.23.1&#8243; _module_preset=&#8221;default&#8221; custom_padding=&#8221;||9px|||&#8221; global_colors_info=&#8221;{}&#8221;][et_pb_column type=&#8221;4_4&#8243; _builder_version=&#8221;4.23.1&#8243; _module_preset=&#8221;default&#8221; global_colors_info=&#8221;{}&#8221;][et_pb_text _builder_version=&#8221;4.23.1&#8243; _module_preset=&#8221;8b6efcb6-adb2-42a4-9897-51bc0df2a10e&#8221; header_2_font=&#8221;Work Sans|600|||||||&#8221; header_2_text_color=&#8221;#98C4BA&#8221; custom_margin=&#8221;||10px||false|false&#8221; hover_enabled=&#8221;0&#8243; global_colors_info=&#8221;{}&#8221; header_2_font_size_phone=&#8221;25px&#8221; sticky_enabled=&#8221;0&#8243;]<\/p>\n<h2>Principais Caracter\u00edsticas do ESDM<\/h2>\n<p>[\/et_pb_text][\/et_pb_column][\/et_pb_row][et_pb_row _builder_version=&#8221;4.23.1&#8243; _module_preset=&#8221;default&#8221; global_colors_info=&#8221;{}&#8221;][et_pb_column type=&#8221;4_4&#8243; _builder_version=&#8221;4.23.1&#8243; _module_preset=&#8221;default&#8221; global_colors_info=&#8221;{}&#8221;][dnxte_feature_list_parent _builder_version=&#8221;4.23.1&#8243; _module_preset=&#8221;default&#8221; global_colors_info=&#8221;{}&#8221;][dnxte_feature_list_child dnxte_feature_list_title=&#8221; Equipe multidisciplinar&#8221; dnxte_feature_list_use_number=&#8221;on&#8221; dnxte_feature_list_number=&#8221;1-&#8221; dnxte_feature_list_icon_color=&#8221;#F3BC72&#8243; dnxte_feature_list_icon_margin=&#8221;||||false|false&#8221; dnxte_feature_list_icon_padding=&#8221;||||false|false&#8221; _builder_version=&#8221;4.23.1&#8243; _module_preset=&#8221;default&#8221; module_font=&#8221;Work Sans|600|||||||&#8221; module_font_size=&#8221;26px&#8221; module_line_height=&#8221;1.4em&#8221; custom_margin=&#8221;20px||0px||false|false&#8221; custom_padding=&#8221;||20px||false|false&#8221; global_colors_info=&#8221;{}&#8221;][\/dnxte_feature_list_child][dnxte_feature_list_child dnxte_feature_list_title=&#8221;Foco no envolvimento interpessoal&#8221; dnxte_feature_list_use_number=&#8221;on&#8221; dnxte_feature_list_number=&#8221;2-&#8221; dnxte_feature_list_icon_color=&#8221;#F3BC72&#8243; dnxte_feature_list_icon_margin=&#8221;||||false|false&#8221; dnxte_feature_list_icon_padding=&#8221;||||false|false&#8221; _builder_version=&#8221;4.23.1&#8243; _module_preset=&#8221;default&#8221; module_font=&#8221;Work Sans|600|||||||&#8221; module_font_size=&#8221;26px&#8221; module_line_height=&#8221;1.4em&#8221; custom_margin=&#8221;20px||0px||false|false&#8221; custom_padding=&#8221;||20px||false|false&#8221; global_colors_info=&#8221;{}&#8221;][\/dnxte_feature_list_child][dnxte_feature_list_child dnxte_feature_list_title=&#8221;Desenvolvimento fluente, rec\u00edproco e espont\u00e2neo da imita\u00e7\u00e3o de gestos, movimentos faciais, express\u00f5es e utiliza\u00e7\u00e3o de objetos&#8221; dnxte_feature_list_use_number=&#8221;on&#8221; dnxte_feature_list_number=&#8221;3-&#8221; dnxte_feature_list_icon_color=&#8221;#F3BC72&#8243; dnxte_feature_list_icon_margin=&#8221;||||false|false&#8221; dnxte_feature_list_icon_padding=&#8221;||||false|false&#8221; _builder_version=&#8221;4.23.1&#8243; _module_preset=&#8221;default&#8221; module_font=&#8221;Work Sans|600|||||||&#8221; module_font_size=&#8221;26px&#8221; module_line_height=&#8221;1.4em&#8221; custom_margin=&#8221;20px||0px||false|false&#8221; custom_padding=&#8221;||20px||false|false&#8221; global_colors_info=&#8221;{}&#8221;][\/dnxte_feature_list_child][dnxte_feature_list_child dnxte_feature_list_title=&#8221;\u00canfase no desenvolvimento da comunica\u00e7\u00e3o verbal e n\u00e3o verbal&#8221; dnxte_feature_list_use_number=&#8221;on&#8221; dnxte_feature_list_number=&#8221;4-&#8221; dnxte_feature_list_icon_color=&#8221;#F3BC72&#8243; dnxte_feature_list_icon_margin=&#8221;||||false|false&#8221; dnxte_feature_list_icon_padding=&#8221;||||false|false&#8221; _builder_version=&#8221;4.23.1&#8243; _module_preset=&#8221;default&#8221; module_font=&#8221;Work Sans|600|||||||&#8221; module_font_size=&#8221;26px&#8221; module_line_height=&#8221;1.4em&#8221; custom_margin=&#8221;20px||0px||false|false&#8221; custom_padding=&#8221;||20px||false|false&#8221; global_colors_info=&#8221;{}&#8221;][\/dnxte_feature_list_child][dnxte_feature_list_child dnxte_feature_list_title=&#8221; Foco nos aspectos cognitivos das brincadeiras realizadas em rotinas de jogo interativo &#8221; dnxte_feature_list_use_number=&#8221;on&#8221; dnxte_feature_list_number=&#8221;5-&#8221; dnxte_feature_list_icon_color=&#8221;#F3BC72&#8243; dnxte_feature_list_icon_margin=&#8221;||||false|false&#8221; dnxte_feature_list_icon_padding=&#8221;||||false|false&#8221; _builder_version=&#8221;4.23.1&#8243; _module_preset=&#8221;default&#8221; module_font=&#8221;Work Sans|600|||||||&#8221; module_font_size=&#8221;26px&#8221; module_line_height=&#8221;1.4em&#8221; custom_margin=&#8221;20px||0px||false|false&#8221; custom_padding=&#8221;||20px||false|false&#8221; global_colors_info=&#8221;{}&#8221;][\/dnxte_feature_list_child][dnxte_feature_list_child dnxte_feature_list_title=&#8221;Parceria com os pais e\/ou cuidadores&#8221; dnxte_feature_list_use_number=&#8221;on&#8221; dnxte_feature_list_number=&#8221;6-&#8221; dnxte_feature_list_icon_color=&#8221;#F3BC72&#8243; dnxte_feature_list_icon_margin=&#8221;||||false|false&#8221; dnxte_feature_list_icon_padding=&#8221;||||false|false&#8221; _builder_version=&#8221;4.23.1&#8243; _module_preset=&#8221;default&#8221; module_font=&#8221;Work Sans|600|||||||&#8221; module_font_size=&#8221;26px&#8221; module_line_height=&#8221;1.4em&#8221; custom_margin=&#8221;20px||0px||false|false&#8221; custom_padding=&#8221;||20px||false|false&#8221; global_colors_info=&#8221;{}&#8221;][\/dnxte_feature_list_child][\/dnxte_feature_list_parent][\/et_pb_column][\/et_pb_row][\/et_pb_section][et_pb_section fb_built=&#8221;1&#8243; admin_label=&#8221;Call to Action&#8221; _builder_version=&#8221;4.23.1&#8243; _module_preset=&#8221;default&#8221; background_color=&#8221;rgba(248,245,227,0.2)&#8221; background_enable_image=&#8221;off&#8221; parallax=&#8221;on&#8221; background_enable_pattern_style=&#8221;on&#8221; background_pattern_style=&#8221;smiles&#8221; background_pattern_color=&#8221;rgba(248,245,227,0.66)&#8221; saved_tabs=&#8221;all&#8221; locked=&#8221;off&#8221; collapsed=&#8221;on&#8221; global_colors_info=&#8221;{}&#8221;][et_pb_row _builder_version=&#8221;4.23.1&#8243; _module_preset=&#8221;default&#8221; background_color=&#8221;#F8F5E3&#8243; background_image=&#8221;https:\/\/infanciamais.com.br\/wp-content\/uploads\/2023\/10\/dentist-office-background-03.png&#8221; background_position=&#8221;top_left&#8221; max_width=&#8221;1280px&#8221; custom_margin=&#8221;111px|auto|111px|auto|true|false&#8221; custom_padding=&#8221;5vw|5vw|5vw|5vw|true|true&#8221; animation_style=&#8221;slide&#8221; animation_direction=&#8221;bottom&#8221; border_radii=&#8221;on|20px|20px|20px|20px&#8221; global_colors_info=&#8221;{}&#8221;][et_pb_column type=&#8221;4_4&#8243; _builder_version=&#8221;4.22.1&#8243; _module_preset=&#8221;default&#8221; global_colors_info=&#8221;{}&#8221;][et_pb_text _builder_version=&#8221;4.22.2&#8243; _module_preset=&#8221;281475d3-4486-45f8-94ed-e1f1992a26f6&#8243; header_2_text_color=&#8221;#98C4BA&#8221; text_orientation=&#8221;center&#8221; custom_margin=&#8221;||10px||false|false&#8221; global_colors_info=&#8221;{}&#8221;]<\/p>\n<h2>Reserve um<br \/>Compromisso Hoje!<\/h2>\n<p>[\/et_pb_text][et_pb_button button_text=&#8221;Marcar um hor\u00e1rio&#8221; button_alignment=&#8221;center&#8221; _builder_version=&#8221;4.22.2&#8243; _module_preset=&#8221;360b0880-1144-4735-bb92-31875acae719&#8243; button_bg_color=&#8221;#F3BC72&#8243; global_colors_info=&#8221;{}&#8221;][\/et_pb_button][\/et_pb_column][\/et_pb_row][\/et_pb_section]<\/p>\n","protected":false},"excerpt":{"rendered":"<p>Modelo Denver de Interven\u00e7\u00e3o PrecoceServi\u00e7o<div class=\"et_pb_module dnxte_divider dnxte_divider_0\">\n\t\t\t\t\n\t\t\t\t\n\t\t\t\t\n\t\t\t\t\n\t\t\t\t\n\t\t\t\t\n\t\t\t\t<div class=\"et_pb_module_inner\">\n\t\t\t\t\t<div class=\"dnext-sid-text-divider-wrapper \">\r\n\t\t\t\t<div class=\"dnext-sid-text-divider-before dnext-sid-text-divider\"><\/div>\r\n\t\t\t\t<span class=\"dnext-sid-text-divider-icon\">;<\/span>\r\n\t\t\t\t\r\n\t\t\t\t<div class=\"dnext-sid-text-divider-after dnext-sid-text-divider\"><\/div>\r\n\t\t\t<\/div>\n\t\t\t\t<\/div>\n\t\t\t<\/div><div class=\"et_pb_module dnxte_image_reveal dnxte_image_reveal_0\">\n\t\t\t\t\n\t\t\t\t\n\t\t\t\t\n\t\t\t\t\n\t\t\t\t\n\t\t\t\t\n\t\t\t\t<div class=\"et_pb_module_inner\">\n\t\t\t\t\t<figure class=\"dnext-imr-reveal-effect dnext-imr-masker wow\">\r\n\t\t\t\t<img decoding=\"async\" src=\"https:\/\/infanciamais.com.br\/wp-content\/uploads\/2023\/12\/Modelo-Denver-de-Intervencao-Precoce-.jpg\" alt=\"\" srcset=\"https:\/\/infanciamais.com.br\/wp-content\/uploads\/2023\/12\/Modelo-Denver-de-Intervencao-Precoce-.jpg 2174w, https:\/\/infanciamais.com.br\/wp-content\/uploads\/2023\/12\/Modelo-Denver-de-Intervencao-Precoce--1280x893.jpg 1280w, https:\/\/infanciamais.com.br\/wp-content\/uploads\/2023\/12\/Modelo-Denver-de-Intervencao-Precoce--980x683.jpg 980w, https:\/\/infanciamais.com.br\/wp-content\/uploads\/2023\/12\/Modelo-Denver-de-Intervencao-Precoce--480x335.jpg 480w\" sizes=\"(min-width: 0px) and (max-width: 480px) 480px, (min-width: 481px) and (max-width: 980px) 980px, (min-width: 981px) and (max-width: 1280px) 1280px, (min-width: 1281px) 2174px, 100vw\" \/>\r\n\t\t\t<\/figure>\n\t\t\t\t<\/div>\n\t\t\t<\/div>O que EsperarNossa Psic\u00f3loga Supervisora \u00e9 uma das 62 terapeutas certificadas no Modelo Denver de Interven\u00e7\u00e3o Precoce no Brasil e uma das primeiras nas Regi\u00e3o Norte fluminense O Modelo Denver de Interven\u00e7\u00e3o Precoce (ESDM) \u00e9 um dos m\u00e9todos utilizados [&hellip;]<\/p>\n","protected":false},"author":1,"featured_media":0,"parent":0,"menu_order":0,"comment_status":"closed","ping_status":"closed","template":"","meta":{"_et_pb_use_builder":"on","_et_pb_old_content":"","_et_gb_content_width":"","footnotes":""},"class_list":["post-370870","page","type-page","status-publish","hentry"],"yoast_head":"<!-- This site is optimized with the Yoast SEO plugin v26.1 - https:\/\/yoast.com\/wordpress\/plugins\/seo\/ -->\n<title>Modelo Denver - Infancia mais<\/title>\n<meta name=\"robots\" content=\"index, follow, max-snippet:-1, max-image-preview:large, max-video-preview:-1\" \/>\n<link rel=\"canonical\" href=\"https:\/\/infanciamais.com.br\/index.php\/modelo-denver\/\" \/>\n<meta property=\"og:locale\" content=\"en_US\" \/>\n<meta property=\"og:type\" content=\"article\" \/>\n<meta property=\"og:title\" content=\"Modelo Denver - Infancia mais\" \/>\n<meta property=\"og:description\" content=\"Modelo Denver de Interven\u00e7\u00e3o PrecoceServi\u00e7oO que EsperarNossa Psic\u00f3loga Supervisora \u00e9 uma das 62 terapeutas certificadas no Modelo Denver de Interven\u00e7\u00e3o Precoce no Brasil e uma das primeiras nas Regi\u00e3o Norte fluminense O Modelo Denver de Interven\u00e7\u00e3o Precoce (ESDM) \u00e9 um dos m\u00e9todos utilizados [&hellip;]\" \/>\n<meta property=\"og:url\" content=\"https:\/\/infanciamais.com.br\/index.php\/modelo-denver\/\" \/>\n<meta property=\"og:site_name\" content=\"Infancia mais\" \/>\n<meta property=\"article:modified_time\" content=\"2023-12-08T18:25:05+00:00\" \/>\n<meta name=\"twitter:card\" content=\"summary_large_image\" \/>\n<script type=\"application\/ld+json\" class=\"yoast-schema-graph\">{\"@context\":\"https:\/\/schema.org\",\"@graph\":[{\"@type\":\"WebPage\",\"@id\":\"https:\/\/infanciamais.com.br\/index.php\/modelo-denver\/\",\"url\":\"https:\/\/infanciamais.com.br\/index.php\/modelo-denver\/\",\"name\":\"Modelo Denver - Infancia mais\",\"isPartOf\":{\"@id\":\"https:\/\/infanciamais.com.br\/#website\"},\"datePublished\":\"2023-12-06T19:39:17+00:00\",\"dateModified\":\"2023-12-08T18:25:05+00:00\",\"breadcrumb\":{\"@id\":\"https:\/\/infanciamais.com.br\/index.php\/modelo-denver\/#breadcrumb\"},\"inLanguage\":\"en-US\",\"potentialAction\":[{\"@type\":\"ReadAction\",\"target\":[\"https:\/\/infanciamais.com.br\/index.php\/modelo-denver\/\"]}]},{\"@type\":\"BreadcrumbList\",\"@id\":\"https:\/\/infanciamais.com.br\/index.php\/modelo-denver\/#breadcrumb\",\"itemListElement\":[{\"@type\":\"ListItem\",\"position\":1,\"name\":\"In\u00edcio\",\"item\":\"https:\/\/infanciamais.com.br\/\"},{\"@type\":\"ListItem\",\"position\":2,\"name\":\"Modelo Denver\"}]},{\"@type\":\"WebSite\",\"@id\":\"https:\/\/infanciamais.com.br\/#website\",\"url\":\"https:\/\/infanciamais.com.br\/\",\"name\":\"Infancia mais\",\"description\":\"\",\"potentialAction\":[{\"@type\":\"SearchAction\",\"target\":{\"@type\":\"EntryPoint\",\"urlTemplate\":\"https:\/\/infanciamais.com.br\/?s={search_term_string}\"},\"query-input\":{\"@type\":\"PropertyValueSpecification\",\"valueRequired\":true,\"valueName\":\"search_term_string\"}}],\"inLanguage\":\"en-US\"}]}<\/script>\n<!-- \/ Yoast SEO plugin. -->","yoast_head_json":{"title":"Modelo Denver - Infancia mais","robots":{"index":"index","follow":"follow","max-snippet":"max-snippet:-1","max-image-preview":"max-image-preview:large","max-video-preview":"max-video-preview:-1"},"canonical":"https:\/\/infanciamais.com.br\/index.php\/modelo-denver\/","og_locale":"en_US","og_type":"article","og_title":"Modelo Denver - Infancia mais","og_description":"Modelo Denver de Interven\u00e7\u00e3o PrecoceServi\u00e7oO que EsperarNossa Psic\u00f3loga Supervisora \u00e9 uma das 62 terapeutas certificadas no Modelo Denver de Interven\u00e7\u00e3o Precoce no Brasil e uma das primeiras nas Regi\u00e3o Norte fluminense O Modelo Denver de Interven\u00e7\u00e3o Precoce (ESDM) \u00e9 um dos m\u00e9todos utilizados [&hellip;]","og_url":"https:\/\/infanciamais.com.br\/index.php\/modelo-denver\/","og_site_name":"Infancia mais","article_modified_time":"2023-12-08T18:25:05+00:00","twitter_card":"summary_large_image","schema":{"@context":"https:\/\/schema.org","@graph":[{"@type":"WebPage","@id":"https:\/\/infanciamais.com.br\/index.php\/modelo-denver\/","url":"https:\/\/infanciamais.com.br\/index.php\/modelo-denver\/","name":"Modelo Denver - Infancia mais","isPartOf":{"@id":"https:\/\/infanciamais.com.br\/#website"},"datePublished":"2023-12-06T19:39:17+00:00","dateModified":"2023-12-08T18:25:05+00:00","breadcrumb":{"@id":"https:\/\/infanciamais.com.br\/index.php\/modelo-denver\/#breadcrumb"},"inLanguage":"en-US","potentialAction":[{"@type":"ReadAction","target":["https:\/\/infanciamais.com.br\/index.php\/modelo-denver\/"]}]},{"@type":"BreadcrumbList","@id":"https:\/\/infanciamais.com.br\/index.php\/modelo-denver\/#breadcrumb","itemListElement":[{"@type":"ListItem","position":1,"name":"In\u00edcio","item":"https:\/\/infanciamais.com.br\/"},{"@type":"ListItem","position":2,"name":"Modelo Denver"}]},{"@type":"WebSite","@id":"https:\/\/infanciamais.com.br\/#website","url":"https:\/\/infanciamais.com.br\/","name":"Infancia mais","description":"","potentialAction":[{"@type":"SearchAction","target":{"@type":"EntryPoint","urlTemplate":"https:\/\/infanciamais.com.br\/?s={search_term_string}"},"query-input":{"@type":"PropertyValueSpecification","valueRequired":true,"valueName":"search_term_string"}}],"inLanguage":"en-US"}]}},"_links":{"self":[{"href":"https:\/\/infanciamais.com.br\/index.php\/wp-json\/wp\/v2\/pages\/370870","targetHints":{"allow":["GET"]}}],"collection":[{"href":"https:\/\/infanciamais.com.br\/index.php\/wp-json\/wp\/v2\/pages"}],"about":[{"href":"https:\/\/infanciamais.com.br\/index.php\/wp-json\/wp\/v2\/types\/page"}],"author":[{"embeddable":true,"href":"https:\/\/infanciamais.com.br\/index.php\/wp-json\/wp\/v2\/users\/1"}],"replies":[{"embeddable":true,"href":"https:\/\/infanciamais.com.br\/index.php\/wp-json\/wp\/v2\/comments?post=370870"}],"version-history":[{"count":11,"href":"https:\/\/infanciamais.com.br\/index.php\/wp-json\/wp\/v2\/pages\/370870\/revisions"}],"predecessor-version":[{"id":371054,"href":"https:\/\/infanciamais.com.br\/index.php\/wp-json\/wp\/v2\/pages\/370870\/revisions\/371054"}],"wp:attachment":[{"href":"https:\/\/infanciamais.com.br\/index.php\/wp-json\/wp\/v2\/media?parent=370870"}],"curies":[{"name":"wp","href":"https:\/\/api.w.org\/{rel}","templated":true}]}}